{"id":3739,"date":"2025-06-18T11:26:04","date_gmt":"2025-06-18T11:26:04","guid":{"rendered":"https:\/\/tuto.digital\/home-tr\/"},"modified":"2025-06-18T11:33:11","modified_gmt":"2025-06-18T11:33:11","slug":"home-tr","status":"publish","type":"page","link":"https:\/\/tuto.digital\/tr\/","title":{"rendered":"Home tr"},"content":{"rendered":"\t\t<div data-elementor-type=\"wp-page\" data-elementor-id=\"3739\" class=\"elementor elementor-3739 elementor-3721\">\n\t\t\t\t\t\t<section class=\"elementor-section elementor-top-section elementor-element elementor-element-5018a05 elementor-section-boxed elementor-section-height-default elementor-section-height-default\" data-id=\"5018a05\" data-element_type=\"section\" data-e-type=\"section\" data-settings=\"{&quot;background_background&quot;:&quot;classic&quot;}\">\n\t\t\t\t\t\t<div class=\"elementor-container elementor-column-gap-custom\">\n\t\t\t\t\t<div class=\"elementor-column elementor-col-100 elementor-top-column elementor-element elementor-element-dba0af4\" data-id=\"dba0af4\" data-element_type=\"column\" data-e-type=\"column\">\n\t\t\t<div class=\"elementor-widget-wrap elementor-element-populated\">\n\t\t\t\t\t\t<div class=\"elementor-element elementor-element-702b75f elementor-widget elementor-widget-foxiz-heading\" data-id=\"702b75f\" data-element_type=\"widget\" data-e-type=\"widget\" data-widget_type=\"foxiz-heading.default\">\n\t\t\t\t<div class=\"elementor-widget-container\">\n\t\t\t\t\t<div id=\"uid_702b75f\" class=\"block-h heading-layout-10\"><div class=\"heading-inner\"><h2 class=\"heading-title\"><a class=\"h-link\" href=\"https:\/\/foxiz.themeruby.com\/aichat\/category\/technical\/\">VPNs<\/a><\/h2><div class=\"heading-tagline h6\"><a class=\"heading-tagline-label\" href=\"https:\/\/foxiz.themeruby.com\/aichat\/category\/technical\/\">View All VPNs<\/a><\/div><\/div><\/div>\t\t\t\t<\/div>\n\t\t\t\t<\/div>\n\t\t\t\t<div class=\"elementor-element elementor-element-577ecff flipped-no elementor-widget elementor-widget-foxiz-list-flex\" data-id=\"577ecff\" data-element_type=\"widget\" data-e-type=\"widget\" data-widget_type=\"foxiz-list-flex.default\">\n\t\t\t\t<div class=\"elementor-widget-container\">\n\t\t\t\t\t<div id=\"uid_577ecff\" class=\"block-wrap block-list block-list-flex rb-columns rb-col-1 rb-tcol-1 rb-mcol-1 is-gap-20 ecat-bg-3 meta-s-line\"><\/div>\t\t\t\t<\/div>\n\t\t\t\t<\/div>\n\t\t\t\t<div class=\"elementor-element elementor-element-f78623a elementor-widget elementor-widget-foxiz-grid-flex-1\" data-id=\"f78623a\" data-element_type=\"widget\" data-e-type=\"widget\" data-widget_type=\"foxiz-grid-flex-1.default\">\n\t\t\t\t<div class=\"elementor-widget-container\">\n\t\t\t\t\t<div id=\"uid_f78623a\" class=\"block-wrap block-grid block-grid-flex-1 is-hoz-scroll rb-columns rb-col-4 is-gap-20 ecat-bg-3 meta-s-line\"><div class=\"block-inner\">\t\t<div class=\"p-wrap p-grid p-grid-1\" data-pid=\"4861\">\r\n\t\t<h3 class=\"entry-title\">\t\t<a class=\"p-url\" href=\"https:\/\/tuto.digital\/tr\/vpn-ile-dmax-turkiye-izle\/\" rel=\"bookmark\">\r\n\t\tDMAX T\u00fcrkiye yurt d\u0131\u015f\u0131nda nas\u0131l izlenir?\t\t<\/a>\r\n\t\t<\/h3>\t\t\t<div class=\"p-meta\">\r\n\t\t\t\t<div class=\"meta-inner is-meta\">\r\n\t\t\t\t\t\t\t<div class=\"meta-el meta-author\">\r\n\t\t\t\t\t\t\t<span class=\"meta-label\">Yazar:<\/span>\r\n\t\t\t\t<a href=\"https:\/\/tuto.digital\/tr\/author\/tutomaster\/\">tutomaster<\/a>\t\t<\/div>\r\n\t\t\t\t<div class=\"meta-el meta-update\">\r\n\t\t\t\t\t\t<time\r\n\t\t\tclass=\"updated\"\t\t\tdatetime=\"2026-04-03T07:12:55+00:00\">3 Nisan 2026<\/time>\r\n\t\t<\/div>\r\n\t\t\t\t\t\t<\/div>\r\n\t\t\t\t\t\t\t<\/div>\r\n\t\t\t\t\t<\/div>\r\n\t\t\t\t<div class=\"p-wrap p-grid p-grid-1\" data-pid=\"4761\">\r\n\t\t<h3 class=\"entry-title\">\t\t<a class=\"p-url\" href=\"https:\/\/tuto.digital\/tr\/vpn-ile-tv-85-izle\/\" rel=\"bookmark\">\r\n\t\tTV 8,5 yurt d\u0131\u015f\u0131nda nas\u0131l izlenir?\t\t<\/a>\r\n\t\t<\/h3>\t\t\t<div class=\"p-meta\">\r\n\t\t\t\t<div class=\"meta-inner is-meta\">\r\n\t\t\t\t\t\t\t<div class=\"meta-el meta-author\">\r\n\t\t\t\t\t\t\t<span class=\"meta-label\">Yazar:<\/span>\r\n\t\t\t\t<a href=\"https:\/\/tuto.digital\/tr\/author\/tutomaster\/\">tutomaster<\/a>\t\t<\/div>\r\n\t\t\t\t<div class=\"meta-el meta-update\">\r\n\t\t\t\t\t\t<time\r\n\t\t\tclass=\"updated\"\t\t\tdatetime=\"2026-04-03T07:12:48+00:00\">3 Nisan 2026<\/time>\r\n\t\t<\/div>\r\n\t\t\t\t\t\t<\/div>\r\n\t\t\t\t\t\t\t<\/div>\r\n\t\t\t\t\t<\/div>\r\n\t\t\t\t<div class=\"p-wrap p-grid p-grid-1\" data-pid=\"5203\">\r\n\t\t<h3 class=\"entry-title\">\t\t<a class=\"p-url\" href=\"https:\/\/tuto.digital\/tr\/vpn-ile-prime-turkiye-izle\/\" rel=\"bookmark\">\r\n\t\tAmazon Prime T\u00fcrkiye yurt d\u0131\u015f\u0131nda nas\u0131l izlenir?\t\t<\/a>\r\n\t\t<\/h3>\t\t\t<div class=\"p-meta\">\r\n\t\t\t\t<div class=\"meta-inner is-meta\">\r\n\t\t\t\t\t\t\t<div class=\"meta-el meta-author\">\r\n\t\t\t\t\t\t\t<span class=\"meta-label\">Yazar:<\/span>\r\n\t\t\t\t<a href=\"https:\/\/tuto.digital\/tr\/author\/tutomaster\/\">tutomaster<\/a>\t\t<\/div>\r\n\t\t\t\t<div class=\"meta-el meta-update\">\r\n\t\t\t\t\t\t<time\r\n\t\t\tclass=\"updated\"\t\t\tdatetime=\"2026-04-03T07:12:24+00:00\">3 Nisan 2026<\/time>\r\n\t\t<\/div>\r\n\t\t\t\t\t\t<\/div>\r\n\t\t\t\t\t\t\t<\/div>\r\n\t\t\t\t\t<\/div>\r\n\t\t\t\t<div class=\"p-wrap p-grid p-grid-1\" data-pid=\"4529\">\r\n\t\t<h3 class=\"entry-title\">\t\t<a class=\"p-url\" href=\"https:\/\/tuto.digital\/tr\/tabii-izle\/\" rel=\"bookmark\">\r\n\t\tTRT tabii yurt d\u0131\u015f\u0131nda nas\u0131l engelsiz izlenir?\t\t<\/a>\r\n\t\t<\/h3>\t\t\t<div class=\"p-meta\">\r\n\t\t\t\t<div class=\"meta-inner is-meta\">\r\n\t\t\t\t\t\t\t<div class=\"meta-el meta-author\">\r\n\t\t\t\t\t\t\t<span class=\"meta-label\">Yazar:<\/span>\r\n\t\t\t\t<a href=\"https:\/\/tuto.digital\/tr\/author\/tutomaster\/\">tutomaster<\/a>\t\t<\/div>\r\n\t\t\t\t<div class=\"meta-el meta-update\">\r\n\t\t\t\t\t\t<time\r\n\t\t\tclass=\"updated\"\t\t\tdatetime=\"2026-04-03T07:13:29+00:00\">3 Nisan 2026<\/time>\r\n\t\t<\/div>\r\n\t\t\t\t\t\t<\/div>\r\n\t\t\t\t\t\t\t<\/div>\r\n\t\t\t\t\t<\/div>\r\n\t\t<\/div><\/div>\t\t\t\t<\/div>\n\t\t\t\t<\/div>\n\t\t\t\t\t<\/div>\n\t\t<\/div>\n\t\t\t\t\t<\/div>\n\t\t<\/section>\n\t\t\t\t<section class=\"elementor-section elementor-top-section elementor-element elementor-element-87a7108 elementor-section-boxed elementor-section-height-default elementor-section-height-default\" data-id=\"87a7108\" data-element_type=\"section\" data-e-type=\"section\" data-settings=\"{&quot;background_background&quot;:&quot;classic&quot;}\">\n\t\t\t\t\t\t<div class=\"elementor-container elementor-column-gap-custom\">\n\t\t\t\t\t<div class=\"elementor-column elementor-col-100 elementor-top-column elementor-element elementor-element-b516796\" data-id=\"b516796\" data-element_type=\"column\" data-e-type=\"column\">\n\t\t\t<div class=\"elementor-widget-wrap elementor-element-populated\">\n\t\t\t\t\t\t<div class=\"elementor-element elementor-element-c2ce99e elementor-widget elementor-widget-foxiz-heading\" data-id=\"c2ce99e\" data-element_type=\"widget\" data-e-type=\"widget\" data-widget_type=\"foxiz-heading.default\">\n\t\t\t\t<div class=\"elementor-widget-container\">\n\t\t\t\t\t<div id=\"uid_c2ce99e\" class=\"block-h heading-layout-10\"><div class=\"heading-inner\"><h2 class=\"heading-title\"><a class=\"h-link\" href=\"https:\/\/foxiz.themeruby.com\/aichat\/category\/technical\/\">Web hosting serices<\/a><\/h2><div class=\"heading-tagline h6\"><a class=\"heading-tagline-label\" href=\"https:\/\/foxiz.themeruby.com\/aichat\/category\/technical\/\">View All Web hosting serices<\/a><\/div><\/div><\/div>\t\t\t\t<\/div>\n\t\t\t\t<\/div>\n\t\t\t\t<div class=\"elementor-element elementor-element-f2daa30 flipped-no elementor-widget elementor-widget-foxiz-list-flex\" data-id=\"f2daa30\" data-element_type=\"widget\" data-e-type=\"widget\" data-widget_type=\"foxiz-list-flex.default\">\n\t\t\t\t<div class=\"elementor-widget-container\">\n\t\t\t\t\t<div id=\"uid_f2daa30\" class=\"block-wrap block-list block-list-flex rb-columns rb-col-1 rb-tcol-1 rb-mcol-1 is-gap-20 ecat-bg-3 meta-s-line\"><\/div>\t\t\t\t<\/div>\n\t\t\t\t<\/div>\n\t\t\t\t<div class=\"elementor-element elementor-element-75e1908 elementor-widget elementor-widget-foxiz-grid-flex-1\" data-id=\"75e1908\" data-element_type=\"widget\" data-e-type=\"widget\" data-widget_type=\"foxiz-grid-flex-1.default\">\n\t\t\t\t<div class=\"elementor-widget-container\">\n\t\t\t\t\t<div id=\"uid_75e1908\" class=\"block-wrap block-grid block-grid-flex-1 is-hoz-scroll rb-columns rb-col-4 is-gap-20 ecat-bg-3 meta-s-line\"><div class=\"block-inner\">\t\t<div class=\"p-wrap p-grid p-grid-1\" data-pid=\"4657\">\r\n\t\t<h3 class=\"entry-title\">\t\t<a class=\"p-url\" href=\"https:\/\/tuto.digital\/tr\/vpn-ile-ssport-plus-izle\/\" rel=\"bookmark\">\r\n\t\tS Sport Plus yurt d\u0131\u015f\u0131nda nas\u0131l izlenir?\t\t<\/a>\r\n\t\t<\/h3>\t\t\t<div class=\"p-meta\">\r\n\t\t\t\t<div class=\"meta-inner is-meta\">\r\n\t\t\t\t\t\t\t<div class=\"meta-el meta-author\">\r\n\t\t\t\t\t\t\t<span class=\"meta-label\">Yazar:<\/span>\r\n\t\t\t\t<a href=\"https:\/\/tuto.digital\/tr\/author\/tutomaster\/\">tutomaster<\/a>\t\t<\/div>\r\n\t\t\t\t<div class=\"meta-el meta-update\">\r\n\t\t\t\t\t\t<time\r\n\t\t\tclass=\"updated\"\t\t\tdatetime=\"2026-04-03T07:13:26+00:00\">3 Nisan 2026<\/time>\r\n\t\t<\/div>\r\n\t\t\t\t\t\t<\/div>\r\n\t\t\t\t\t\t\t<\/div>\r\n\t\t\t\t\t<\/div>\r\n\t\t\t\t<div class=\"p-wrap p-grid p-grid-1\" data-pid=\"4304\">\r\n\t\t<h3 class=\"entry-title\">\t\t<a class=\"p-url\" href=\"https:\/\/tuto.digital\/tr\/turkiye-lokasyon-vpn\/\" rel=\"bookmark\">\r\n\t\tT\u00fcrkiye lokasyon VPN hizmetleri (T\u00fcrkiye IP&#8217;si)\t\t<\/a>\r\n\t\t<\/h3>\t\t\t<div class=\"p-meta\">\r\n\t\t\t\t<div class=\"meta-inner is-meta\">\r\n\t\t\t\t\t\t\t<div class=\"meta-el meta-author\">\r\n\t\t\t\t\t\t\t<span class=\"meta-label\">Yazar:<\/span>\r\n\t\t\t\t<a href=\"https:\/\/tuto.digital\/tr\/author\/tutomaster\/\">tutomaster<\/a>\t\t<\/div>\r\n\t\t\t\t<div class=\"meta-el meta-update\">\r\n\t\t\t\t\t\t<time\r\n\t\t\tclass=\"updated\"\t\t\tdatetime=\"2026-04-03T07:13:21+00:00\">3 Nisan 2026<\/time>\r\n\t\t<\/div>\r\n\t\t\t\t\t\t<\/div>\r\n\t\t\t\t\t\t\t<\/div>\r\n\t\t\t\t\t<\/div>\r\n\t\t\t\t<div class=\"p-wrap p-grid p-grid-1\" data-pid=\"5061\">\r\n\t\t<h3 class=\"entry-title\">\t\t<a class=\"p-url\" href=\"https:\/\/tuto.digital\/tr\/vpn-ile-d-smart-go-izle\/\" rel=\"bookmark\">\r\n\t\tD-Smart Go yurt d\u0131\u015f\u0131nda nas\u0131l izlenir?\t\t<\/a>\r\n\t\t<\/h3>\t\t\t<div class=\"p-meta\">\r\n\t\t\t\t<div class=\"meta-inner is-meta\">\r\n\t\t\t\t\t\t\t<div class=\"meta-el meta-author\">\r\n\t\t\t\t\t\t\t<span class=\"meta-label\">Yazar:<\/span>\r\n\t\t\t\t<a href=\"https:\/\/tuto.digital\/tr\/author\/tutomaster\/\">tutomaster<\/a>\t\t<\/div>\r\n\t\t\t\t<div class=\"meta-el meta-update\">\r\n\t\t\t\t\t\t<time\r\n\t\t\tclass=\"updated\"\t\t\tdatetime=\"2026-04-03T07:13:16+00:00\">3 Nisan 2026<\/time>\r\n\t\t<\/div>\r\n\t\t\t\t\t\t<\/div>\r\n\t\t\t\t\t\t\t<\/div>\r\n\t\t\t\t\t<\/div>\r\n\t\t\t\t<div class=\"p-wrap p-grid p-grid-1\" data-pid=\"4968\">\r\n\t\t<h3 class=\"entry-title\">\t\t<a class=\"p-url\" href=\"https:\/\/tuto.digital\/tr\/vpn-ile-now-tv-izle\/\" rel=\"bookmark\">\r\n\t\tNOW TV yurt d\u0131\u015f\u0131ndan nas\u0131l izlenir?\t\t<\/a>\r\n\t\t<\/h3>\t\t\t<div class=\"p-meta\">\r\n\t\t\t\t<div class=\"meta-inner is-meta\">\r\n\t\t\t\t\t\t\t<div class=\"meta-el meta-author\">\r\n\t\t\t\t\t\t\t<span class=\"meta-label\">Yazar:<\/span>\r\n\t\t\t\t<a href=\"https:\/\/tuto.digital\/tr\/author\/tutomaster\/\">tutomaster<\/a>\t\t<\/div>\r\n\t\t\t\t<div class=\"meta-el meta-update\">\r\n\t\t\t\t\t\t<time\r\n\t\t\tclass=\"updated\"\t\t\tdatetime=\"2026-04-03T07:13:07+00:00\">3 Nisan 2026<\/time>\r\n\t\t<\/div>\r\n\t\t\t\t\t\t<\/div>\r\n\t\t\t\t\t\t\t<\/div>\r\n\t\t\t\t\t<\/div>\r\n\t\t<\/div><\/div>\t\t\t\t<\/div>\n\t\t\t\t<\/div>\n\t\t\t\t\t<\/div>\n\t\t<\/div>\n\t\t\t\t\t<\/div>\n\t\t<\/section>\n\t\t\t\t<section class=\"elementor-section elementor-top-section elementor-element elementor-element-c96b95f elementor-section-boxed elementor-section-height-default elementor-section-height-default\" data-id=\"c96b95f\" data-element_type=\"section\" data-e-type=\"section\" data-settings=\"{&quot;background_background&quot;:&quot;classic&quot;}\">\n\t\t\t\t\t\t<div class=\"elementor-container elementor-column-gap-custom\">\n\t\t\t\t\t<div class=\"elementor-column elementor-col-100 elementor-top-column elementor-element elementor-element-f17a0d0\" data-id=\"f17a0d0\" data-element_type=\"column\" data-e-type=\"column\">\n\t\t\t<div class=\"elementor-widget-wrap elementor-element-populated\">\n\t\t\t\t\t\t<div class=\"elementor-element elementor-element-5f2f4ac elementor-widget elementor-widget-foxiz-heading\" data-id=\"5f2f4ac\" data-element_type=\"widget\" data-e-type=\"widget\" data-widget_type=\"foxiz-heading.default\">\n\t\t\t\t<div class=\"elementor-widget-container\">\n\t\t\t\t\t<div id=\"uid_5f2f4ac\" class=\"block-h heading-layout-10\"><div class=\"heading-inner\"><h2 class=\"heading-title\"><a class=\"h-link\" href=\"https:\/\/foxiz.themeruby.com\/aichat\/category\/technical\/\">Antiviruses<\/a><\/h2><div class=\"heading-tagline h6\"><a class=\"heading-tagline-label\" href=\"https:\/\/foxiz.themeruby.com\/aichat\/category\/technical\/\">View All Antiviruses<\/a><\/div><\/div><\/div>\t\t\t\t<\/div>\n\t\t\t\t<\/div>\n\t\t\t\t<div class=\"elementor-element elementor-element-dc923ce flipped-no elementor-widget elementor-widget-foxiz-list-flex\" data-id=\"dc923ce\" data-element_type=\"widget\" data-e-type=\"widget\" data-widget_type=\"foxiz-list-flex.default\">\n\t\t\t\t<div class=\"elementor-widget-container\">\n\t\t\t\t\t<div id=\"uid_dc923ce\" class=\"block-wrap block-list block-list-flex rb-columns rb-col-1 rb-tcol-1 rb-mcol-1 is-gap-20 ecat-bg-3 meta-s-line\"><\/div>\t\t\t\t<\/div>\n\t\t\t\t<\/div>\n\t\t\t\t<div class=\"elementor-element elementor-element-eba722d elementor-widget elementor-widget-foxiz-grid-flex-1\" data-id=\"eba722d\" data-element_type=\"widget\" data-e-type=\"widget\" data-widget_type=\"foxiz-grid-flex-1.default\">\n\t\t\t\t<div class=\"elementor-widget-container\">\n\t\t\t\t\t<div id=\"uid_eba722d\" class=\"block-wrap block-grid block-grid-flex-1 is-hoz-scroll rb-columns rb-col-4 is-gap-20 ecat-bg-3 meta-s-line\"><div class=\"block-inner\">\t\t<div class=\"p-wrap p-grid p-grid-1\" data-pid=\"4414\">\r\n\t\t<h3 class=\"entry-title\">\t\t<a class=\"p-url\" href=\"https:\/\/tuto.digital\/tr\/trt-yurt-disinda-nasil-izlenir\/\" rel=\"bookmark\">\r\n\t\tTRT 1 \/ TRT Spor yurt d\u0131\u015f\u0131nda nas\u0131l izlenir?\t\t<\/a>\r\n\t\t<\/h3>\t\t\t<div class=\"p-meta\">\r\n\t\t\t\t<div class=\"meta-inner is-meta\">\r\n\t\t\t\t\t\t\t<div class=\"meta-el meta-author\">\r\n\t\t\t\t\t\t\t<span class=\"meta-label\">Yazar:<\/span>\r\n\t\t\t\t<a href=\"https:\/\/tuto.digital\/tr\/author\/tutomaster\/\">tutomaster<\/a>\t\t<\/div>\r\n\t\t\t\t<div class=\"meta-el meta-update\">\r\n\t\t\t\t\t\t<time\r\n\t\t\tclass=\"updated\"\t\t\tdatetime=\"2026-04-03T07:11:13+00:00\">3 Nisan 2026<\/time>\r\n\t\t<\/div>\r\n\t\t\t\t\t\t<\/div>\r\n\t\t\t\t\t\t\t<\/div>\r\n\t\t\t\t\t<\/div>\r\n\t\t\t\t<div class=\"p-wrap p-grid p-grid-1\" data-pid=\"5292\">\r\n\t\t<h3 class=\"entry-title\">\t\t<a class=\"p-url\" href=\"https:\/\/tuto.digital\/tr\/vpn-ile-netflix-turkiye-izle\/\" rel=\"bookmark\">\r\n\t\tNetflix T\u00fcrkiye yurt d\u0131\u015f\u0131nda nas\u0131l izlenir?\t\t<\/a>\r\n\t\t<\/h3>\t\t\t<div class=\"p-meta\">\r\n\t\t\t\t<div class=\"meta-inner is-meta\">\r\n\t\t\t\t\t\t\t<div class=\"meta-el meta-author\">\r\n\t\t\t\t\t\t\t<span class=\"meta-label\">Yazar:<\/span>\r\n\t\t\t\t<a href=\"https:\/\/tuto.digital\/tr\/author\/tutomaster\/\">tutomaster<\/a>\t\t<\/div>\r\n\t\t\t\t<div class=\"meta-el meta-update\">\r\n\t\t\t\t\t\t<time\r\n\t\t\tclass=\"updated\"\t\t\tdatetime=\"2026-04-03T07:10:39+00:00\">3 Nisan 2026<\/time>\r\n\t\t<\/div>\r\n\t\t\t\t\t\t<\/div>\r\n\t\t\t\t\t\t\t<\/div>\r\n\t\t\t\t\t<\/div>\r\n\t\t\t\t<div class=\"p-wrap p-grid p-grid-1\" data-pid=\"5435\">\r\n\t\t<h3 class=\"entry-title\">\t\t<a class=\"p-url\" href=\"https:\/\/tuto.digital\/tr\/vpn-ile-eurosport-turkiye-izle\/\" rel=\"bookmark\">\r\n\t\tEurosport T\u00fcrkiye yurt d\u0131\u015f\u0131nda nas\u0131l izlenir?\t\t<\/a>\r\n\t\t<\/h3>\t\t\t<div class=\"p-meta\">\r\n\t\t\t\t<div class=\"meta-inner is-meta\">\r\n\t\t\t\t\t\t\t<div class=\"meta-el meta-author\">\r\n\t\t\t\t\t\t\t<span class=\"meta-label\">Yazar:<\/span>\r\n\t\t\t\t<a href=\"https:\/\/tuto.digital\/tr\/author\/tutomaster\/\">tutomaster<\/a>\t\t<\/div>\r\n\t\t\t\t<div class=\"meta-el meta-update\">\r\n\t\t\t\t\t\t<time\r\n\t\t\tclass=\"updated\"\t\t\tdatetime=\"2026-04-03T07:10:24+00:00\">3 Nisan 2026<\/time>\r\n\t\t<\/div>\r\n\t\t\t\t\t\t<\/div>\r\n\t\t\t\t\t\t\t<\/div>\r\n\t\t\t\t\t<\/div>\r\n\t\t\t\t<div class=\"p-wrap p-grid p-grid-1\" data-pid=\"5518\">\r\n\t\t<h3 class=\"entry-title\">\t\t<a class=\"p-url\" href=\"https:\/\/tuto.digital\/tr\/vpn-ile-onlyfans-giris\/\" rel=\"bookmark\">\r\n\t\tT\u00fcrkiye&#8217;de VPN ile OnlyFans&#8217;a eri\u015fim nas\u0131l sa\u011flan\u0131r?\t\t<\/a>\r\n\t\t<\/h3>\t\t\t<div class=\"p-meta\">\r\n\t\t\t\t<div class=\"meta-inner is-meta\">\r\n\t\t\t\t\t\t\t<div class=\"meta-el meta-author\">\r\n\t\t\t\t\t\t\t<span class=\"meta-label\">Yazar:<\/span>\r\n\t\t\t\t<a href=\"https:\/\/tuto.digital\/tr\/author\/tutomaster\/\">tutomaster<\/a>\t\t<\/div>\r\n\t\t\t\t<div class=\"meta-el meta-update\">\r\n\t\t\t\t\t\t<time\r\n\t\t\tclass=\"updated\"\t\t\tdatetime=\"2026-04-03T07:09:58+00:00\">3 Nisan 2026<\/time>\r\n\t\t<\/div>\r\n\t\t\t\t\t\t<\/div>\r\n\t\t\t\t\t\t\t<\/div>\r\n\t\t\t\t\t<\/div>\r\n\t\t<\/div><\/div>\t\t\t\t<\/div>\n\t\t\t\t<\/div>\n\t\t\t\t\t<\/div>\n\t\t<\/div>\n\t\t\t\t\t<\/div>\n\t\t<\/section>\n\t\t\t\t<section class=\"elementor-section elementor-top-section elementor-element elementor-element-9e822f3 elementor-section-boxed elementor-section-height-default elementor-section-height-default\" data-id=\"9e822f3\" data-element_type=\"section\" data-e-type=\"section\" data-settings=\"{&quot;background_background&quot;:&quot;classic&quot;}\">\n\t\t\t\t\t\t<div class=\"elementor-container elementor-column-gap-custom\">\n\t\t\t\t\t<div class=\"elementor-column elementor-col-100 elementor-top-column elementor-element elementor-element-85fb37e\" data-id=\"85fb37e\" data-element_type=\"column\" data-e-type=\"column\">\n\t\t\t<div class=\"elementor-widget-wrap elementor-element-populated\">\n\t\t\t\t\t\t<div class=\"elementor-element elementor-element-319e4c5 elementor-widget elementor-widget-foxiz-heading\" data-id=\"319e4c5\" data-element_type=\"widget\" data-e-type=\"widget\" data-widget_type=\"foxiz-heading.default\">\n\t\t\t\t<div class=\"elementor-widget-container\">\n\t\t\t\t\t<div id=\"uid_319e4c5\" class=\"block-h heading-layout-10\"><div class=\"heading-inner\"><h2 class=\"heading-title\"><a class=\"h-link\" href=\"https:\/\/foxiz.themeruby.com\/aichat\/category\/technical\/\">Online services<\/a><\/h2><div class=\"heading-tagline h6\"><a class=\"heading-tagline-label\" href=\"https:\/\/foxiz.themeruby.com\/aichat\/category\/technical\/\">View All Online services<\/a><\/div><\/div><\/div>\t\t\t\t<\/div>\n\t\t\t\t<\/div>\n\t\t\t\t<div class=\"elementor-element elementor-element-86d50c6 flipped-no elementor-widget elementor-widget-foxiz-list-flex\" data-id=\"86d50c6\" data-element_type=\"widget\" data-e-type=\"widget\" data-widget_type=\"foxiz-list-flex.default\">\n\t\t\t\t<div class=\"elementor-widget-container\">\n\t\t\t\t\t<div id=\"uid_86d50c6\" class=\"block-wrap block-list block-list-flex rb-columns rb-col-1 rb-tcol-1 rb-mcol-1 is-gap-20 ecat-bg-3 meta-s-line\"><\/div>\t\t\t\t<\/div>\n\t\t\t\t<\/div>\n\t\t\t\t<div class=\"elementor-element elementor-element-46da23e elementor-widget elementor-widget-foxiz-grid-flex-1\" data-id=\"46da23e\" data-element_type=\"widget\" data-e-type=\"widget\" data-widget_type=\"foxiz-grid-flex-1.default\">\n\t\t\t\t<div class=\"elementor-widget-container\">\n\t\t\t\t\t<div id=\"uid_46da23e\" class=\"block-wrap block-grid block-grid-flex-1 is-hoz-scroll rb-columns rb-col-4 is-gap-20 ecat-bg-3 meta-s-line\"><div class=\"block-inner\">\t\t<div class=\"p-wrap p-grid p-grid-1\" data-pid=\"4016\">\r\n\t\t<h3 class=\"entry-title\">\t\t<a class=\"p-url\" href=\"https:\/\/tuto.digital\/tr\/digital-ocean-vpn-kurulumu\/\" rel=\"bookmark\">\r\n\t\tOutline ile kendi VPN\u2019ini kurma rehberi\t\t<\/a>\r\n\t\t<\/h3>\t\t\t<div class=\"p-meta\">\r\n\t\t\t\t<div class=\"meta-inner is-meta\">\r\n\t\t\t\t\t\t\t<div class=\"meta-el meta-author\">\r\n\t\t\t\t\t\t\t<span class=\"meta-label\">Yazar:<\/span>\r\n\t\t\t\t<a href=\"https:\/\/tuto.digital\/tr\/author\/tutomaster\/\">tutomaster<\/a>\t\t<\/div>\r\n\t\t\t\t<div class=\"meta-el meta-update\">\r\n\t\t\t\t\t\t<time\r\n\t\t\tclass=\"updated\"\t\t\tdatetime=\"2026-01-13T09:27:23+00:00\">13 Ocak 2026<\/time>\r\n\t\t<\/div>\r\n\t\t\t\t\t\t<\/div>\r\n\t\t\t\t\t\t\t<\/div>\r\n\t\t\t\t\t<\/div>\r\n\t\t\t\t<div class=\"p-wrap p-grid p-grid-1\" data-pid=\"4121\">\r\n\t\t<h3 class=\"entry-title\">\t\t<a class=\"p-url\" href=\"https:\/\/tuto.digital\/tr\/turkiyede-esim-nasil-kullanilir\/\" rel=\"bookmark\">\r\n\t\tT\u00fcrkiye\u2019de eSIM hizmetleri engellendi: \u00e7\u00f6z\u00fcm VPN kullanmak\t\t<\/a>\r\n\t\t<\/h3>\t\t\t<div class=\"p-meta\">\r\n\t\t\t\t<div class=\"meta-inner is-meta\">\r\n\t\t\t\t\t\t\t<div class=\"meta-el meta-author\">\r\n\t\t\t\t\t\t\t<span class=\"meta-label\">Yazar:<\/span>\r\n\t\t\t\t<a href=\"https:\/\/tuto.digital\/tr\/author\/tutomaster\/\">tutomaster<\/a>\t\t<\/div>\r\n\t\t\t\t<div class=\"meta-el meta-update\">\r\n\t\t\t\t\t\t<time\r\n\t\t\tclass=\"updated\"\t\t\tdatetime=\"2025-09-26T08:54:10+00:00\">26 Eyl\u00fcl 2025<\/time>\r\n\t\t<\/div>\r\n\t\t\t\t\t\t<\/div>\r\n\t\t\t\t\t\t\t<\/div>\r\n\t\t\t\t\t<\/div>\r\n\t\t\t\t<div class=\"p-wrap p-grid p-grid-1\" data-pid=\"4073\">\r\n\t\t<h3 class=\"entry-title\">\t\t<a class=\"p-url\" href=\"https:\/\/tuto.digital\/tr\/turkiyede-roblox-oyna\/\" rel=\"bookmark\">\r\n\t\tT\u00fcrkiye\u2019de Roblox nas\u0131l oynan\u0131r? &#8211; VPN y\u00f6ntemi\t\t<\/a>\r\n\t\t<\/h3>\t\t\t<div class=\"p-meta\">\r\n\t\t\t\t<div class=\"meta-inner is-meta\">\r\n\t\t\t\t\t\t\t<div class=\"meta-el meta-author\">\r\n\t\t\t\t\t\t\t<span class=\"meta-label\">Yazar:<\/span>\r\n\t\t\t\t<a href=\"https:\/\/tuto.digital\/tr\/author\/tutomaster\/\">tutomaster<\/a>\t\t<\/div>\r\n\t\t\t\t<div class=\"meta-el meta-update\">\r\n\t\t\t\t\t\t<time\r\n\t\t\tclass=\"updated\"\t\t\tdatetime=\"2025-08-25T15:32:34+00:00\">25 A\u011fustos 2025<\/time>\r\n\t\t<\/div>\r\n\t\t\t\t\t\t<\/div>\r\n\t\t\t\t\t\t\t<\/div>\r\n\t\t\t\t\t<\/div>\r\n\t\t<\/div><\/div>\t\t\t\t<\/div>\n\t\t\t\t<\/div>\n\t\t\t\t\t<\/div>\n\t\t<\/div>\n\t\t\t\t\t<\/div>\n\t\t<\/section>\n\t\t\t\t<\/div>\n\t\t","protected":false},"excerpt":{"rendered":"<p>VPNs View All VPNs edit Technical AI and Robotics in Manufacturing and Supply Chain Management AI chatbots are transforming the way businesses communicate and provide customer service. As this technology continues to evolve, it&#8217;s likely&hellip; By Safia Nasim June 18, 2025 edit Integration Simplify Your Business Processes with Advanced Integration Technology By Safia Nasim December [&hellip;]<\/p>\n","protected":false},"author":2,"featured_media":0,"parent":0,"menu_order":0,"comment_status":"closed","ping_status":"closed","template":"","meta":{"_seopress_robots_primary_cat":"","_seopress_titles_title":"","_seopress_titles_desc":"","_seopress_robots_index":"","footnotes":""},"class_list":["post-3739","page","type-page","status-publish"],"_links":{"self":[{"href":"https:\/\/tuto.digital\/tr\/wp-json\/wp\/v2\/pages\/3739","targetHints":{"allow":["GET"]}}],"collection":[{"href":"https:\/\/tuto.digital\/tr\/wp-json\/wp\/v2\/pages"}],"about":[{"href":"https:\/\/tuto.digital\/tr\/wp-json\/wp\/v2\/types\/page"}],"author":[{"embeddable":true,"href":"https:\/\/tuto.digital\/tr\/wp-json\/wp\/v2\/users\/2"}],"replies":[{"embeddable":true,"href":"https:\/\/tuto.digital\/tr\/wp-json\/wp\/v2\/comments?post=3739"}],"version-history":[{"count":0,"href":"https:\/\/tuto.digital\/tr\/wp-json\/wp\/v2\/pages\/3739\/revisions"}],"wp:attachment":[{"href":"https:\/\/tuto.digital\/tr\/wp-json\/wp\/v2\/media?parent=3739"}],"curies":[{"name":"wp","href":"https:\/\/api.w.org\/{rel}","templated":true}]}}